{"id":58,"date":"2016-06-13T16:11:07","date_gmt":"2016-06-13T16:11:07","guid":{"rendered":"http:\/\/sw-themes.com\/porto_dummy\/?page_id=58"},"modified":"2025-05-18T07:03:03","modified_gmt":"2025-05-18T07:03:03","slug":"hakkimizda","status":"publish","type":"page","link":"https:\/\/www.koseoglugida.com\/en\/hakkimizda\/","title":{"rendered":"About Us"},"content":{"rendered":"<section class=\"wpb-content-wrapper\"><div class=\"vc_row wpb_row row top-row\"><div class=\"vc_column_container col-md-12\"><div class=\"wpb_wrapper vc_column-inner\">\n\t<div class=\"wpb_text_column wpb_content_element\" >\n\t\t<div class=\"wpb_wrapper\">\n\t\t\t<p class=\"\" data-start=\"218\" data-end=\"611\"><strong data-start=\"218\" data-end=\"235\">K\u00f6seo\u011flu G\u0131da<\/strong>, 1993 y\u0131l\u0131nda temelleri at\u0131lan, k\u00f6kl\u00fc ge\u00e7mi\u015fi ve g\u00fc\u00e7l\u00fc vizyonu ile g\u0131da sekt\u00f6r\u00fcnde g\u00fcvenin ve kalitenin sembol\u00fc haline gelmi\u015f bir markad\u0131r. Kuruldu\u011fu g\u00fcnden bu yana; m\u00fc\u015fterilerine en iyi \u00fcr\u00fcnleri en h\u0131zl\u0131 ve g\u00fcvenilir \u015fekilde sunmay\u0131 ilke edinen firmam\u0131z, zaman i\u00e7inde geli\u015fen altyap\u0131s\u0131, b\u00fcy\u00fcyen kadrosu ve geni\u015fleyen da\u011f\u0131t\u0131m a\u011f\u0131 ile sekt\u00f6rdeki lider konumunu peki\u015ftirmi\u015ftir.<\/p>\n<p class=\"\" data-start=\"613\" data-end=\"887\">Faaliyetlerimizin merkezinde, <strong data-start=\"643\" data-end=\"765\">geleneksel T\u00fcrk kahvalt\u0131l\u0131k lezzetlerini koruyarak \u00e7e\u015fitlendirmek ve modern t\u00fcketici ihtiya\u00e7lar\u0131na uygun hale getirmek<\/strong> yer al\u0131r. Bu anlay\u0131\u015fla, sofralara yaln\u0131zca lezzet de\u011fil; ayn\u0131 zamanda sa\u011fl\u0131k, g\u00fcven ve s\u00fcrd\u00fcr\u00fclebilir kalite sunmaktay\u0131z.<\/p>\n<p class=\"\" data-start=\"889\" data-end=\"1241\">Bug\u00fcn onlarca <strong data-start=\"903\" data-end=\"915\">plasiyer<\/strong>, <strong data-start=\"917\" data-end=\"943\">sat\u0131\u015f destek personeli<\/strong> and <strong data-start=\"947\" data-end=\"970\">h\u0131zl\u0131 servis filosu<\/strong> ile m\u00fc\u015fterilerimize ula\u015f\u0131yor; T\u00fcrkiye&#8217;nin d\u00f6rt bir yan\u0131na ve yurt d\u0131\u015f\u0131na uzanan da\u011f\u0131t\u0131m g\u00fcc\u00fcm\u00fczle tedarik zincirimizin her halkas\u0131nda fark yarat\u0131yoruz. Her ge\u00e7en g\u00fcn artan m\u00fc\u015fteri portf\u00f6y\u00fcm\u00fcz, kaliteye olan ba\u011fl\u0131l\u0131\u011f\u0131m\u0131z\u0131n ve istikrarl\u0131 b\u00fcy\u00fcmemizin en a\u00e7\u0131k g\u00f6stergesidir.<\/p>\n<p class=\"\" data-start=\"1243\" data-end=\"1264\">K\u00f6seo\u011flu G\u0131da olarak;<\/p>\n<ul data-start=\"1265\" data-end=\"1537\">\n<li class=\"\" data-start=\"1265\" data-end=\"1321\">\n<p class=\"\" data-start=\"1267\" data-end=\"1321\">T\u00fcketicilerimize sadece \u00fcr\u00fcn de\u011fil, <strong data-start=\"1303\" data-end=\"1312\">de\u011fer<\/strong> sunmay\u0131,<\/p>\n<\/li>\n<li class=\"\" data-start=\"1322\" data-end=\"1390\">\n<p class=\"\" data-start=\"1324\" data-end=\"1390\">M\u00fc\u015fteri memnuniyetini <strong data-start=\"1346\" data-end=\"1374\">\u00f6ncelikli sorumlulu\u011fumuz<\/strong> olarak g\u00f6rmeyi,<\/p>\n<\/li>\n<li class=\"\" data-start=\"1391\" data-end=\"1458\">\n<p class=\"\" data-start=\"1393\" data-end=\"1458\">\u0130\u015f ortaklar\u0131m\u0131zla g\u00fcvene dayal\u0131 ve uzun \u00f6m\u00fcrl\u00fc ili\u015fkiler kurmay\u0131,<\/p>\n<\/li>\n<li class=\"\" data-start=\"1459\" data-end=\"1537\">\n<p class=\"\" data-start=\"1461\" data-end=\"1537\">G\u0131da g\u00fcvenli\u011fi, hijyen ve etik de\u011ferlerden taviz vermemeyi taahh\u00fct ediyoruz.<\/p>\n<\/li>\n<\/ul>\n<p class=\"\" data-start=\"1539\" data-end=\"1855\">Yenili\u011fe a\u00e7\u0131k yap\u0131m\u0131z, kalite odakl\u0131 \u00fcretim anlay\u0131\u015f\u0131m\u0131z ve gelenekten beslenen vizyonumuzla; sekt\u00f6r\u00fcm\u00fczde \u00f6nc\u00fc, b\u00f6lgemizde \u00f6rnek, \u00fclkemizde g\u00fcvenilir bir marka olmaya devam ediyoruz. Bug\u00fcn oldu\u011fu gibi yar\u0131n da <strong data-start=\"1749\" data-end=\"1800\">\u201chizmette d\u00fcr\u00fcstl\u00fck ve kaliteden \u00f6d\u00fcn vermeyen\u201d<\/strong> duru\u015fumuzla daha iyiyi ve daha m\u00fckemmeli hedefliyoruz.<\/p>\n<hr class=\"\" data-start=\"1857\" data-end=\"1860\" \/>\n<p class=\"\" data-start=\"1862\" data-end=\"1919\"><strong data-start=\"1862\" data-end=\"1919\">K\u00f6seo\u011flu G\u0131da \u2014 Lezzetin G\u00fcvencesi, Kalitenin Adresi.<\/strong><\/p>\n\n\t\t<\/div>\n\t<\/div>\n<\/div><\/div><\/div>\n<\/section>","protected":false},"excerpt":{"rendered":"K\u00f6seo\u011flu G\u0131da, 1993 y\u0131l\u0131nda temelleri at\u0131lan, k\u00f6kl\u00fc ge\u00e7mi\u015fi ve g\u00fc\u00e7l\u00fc vizyonu ile g\u0131da sekt\u00f6r\u00fcnde g\u00fcvenin ve kalitenin sembol\u00fc haline gelmi\u015f bir markad\u0131r. Kuruldu\u011fu g\u00fcnden bu yana; m\u00fc\u015fterilerine en iyi \u00fcr\u00fcnleri en h\u0131zl\u0131 ve g\u00fcvenilir \u015fekilde sunmay\u0131 ilke edinen firmam\u0131z, zaman i\u00e7inde geli\u015fen altyap\u0131s\u0131, b\u00fcy\u00fcyen kadrosu ve geni\u015fleyen da\u011f\u0131t\u0131m a\u011f\u0131 ile sekt\u00f6rdeki lider konumunu peki\u015ftirmi\u015ftir. Faaliyetlerimizin [...]","protected":false},"author":1,"featured_media":0,"parent":0,"menu_order":0,"comment_status":"closed","ping_status":"closed","template":"","meta":{"footnotes":""},"class_list":["post-58","page","type-page","status-publish","hentry"],"_links":{"self":[{"href":"https:\/\/www.koseoglugida.com\/en\/wp-json\/wp\/v2\/pages\/58","targetHints":{"allow":["GET"]}}],"collection":[{"href":"https:\/\/www.koseoglugida.com\/en\/wp-json\/wp\/v2\/pages"}],"about":[{"href":"https:\/\/www.koseoglugida.com\/en\/wp-json\/wp\/v2\/types\/page"}],"author":[{"embeddable":true,"href":"https:\/\/www.koseoglugida.com\/en\/wp-json\/wp\/v2\/users\/1"}],"replies":[{"embeddable":true,"href":"https:\/\/www.koseoglugida.com\/en\/wp-json\/wp\/v2\/comments?post=58"}],"version-history":[{"count":2,"href":"https:\/\/www.koseoglugida.com\/en\/wp-json\/wp\/v2\/pages\/58\/revisions"}],"predecessor-version":[{"id":3449,"href":"https:\/\/www.koseoglugida.com\/en\/wp-json\/wp\/v2\/pages\/58\/revisions\/3449"}],"wp:attachment":[{"href":"https:\/\/www.koseoglugida.com\/en\/wp-json\/wp\/v2\/media?parent=58"}],"curies":[{"name":"wp","href":"https:\/\/api.w.org\/{rel}","templated":true}]}}