{"id":3165,"date":"2025-03-19T08:13:40","date_gmt":"2025-03-19T08:13:40","guid":{"rendered":"https:\/\/www.koseoglugida.com\/?page_id=3165"},"modified":"2025-03-26T09:00:49","modified_gmt":"2025-03-26T09:00:49","slug":"ekonomik-ve-elit-servis-secenekleri","status":"publish","type":"page","link":"https:\/\/www.koseoglugida.com\/en\/hizmetlerimiz\/ekonomik-ve-elit-servis-secenekleri\/","title":{"rendered":"Economic and Elite Service Options"},"content":{"rendered":"<section class=\"wpb-content-wrapper\"><div class=\"vc_row wpb_row row top-row\"><div class=\"vc_column_container col-md-12\"><div class=\"wpb_wrapper vc_column-inner\">\r\n\t<div class=\"wpb_single_image wpb_content_element vc_align_left\">\r\n\t\t<div class=\"wpb_wrapper\">\r\n\t\t\t\r\n\t\t\t<div class=\"vc_single_image-wrapper vc_box_shadow_border  vc_box_border_grey\"><\/div>\r\n\t\t<\/div>\r\n\t<\/div>\r\n<\/div><\/div><\/div><div class=\"vc_row wpb_row row top-row\"><div class=\"vc_column_container col-md-12\"><div class=\"wpb_wrapper vc_column-inner\">\n\t<div class=\"wpb_text_column wpb_content_element\" >\n\t\t<div class=\"wpb_wrapper\">\n\t\t\t<p data-start=\"94\" data-end=\"363\">We offer our customers solutions tailored to different needs and budgets. Our service economic option, fast and reliable delivery at affordable prices while offering our priority service option, elite, exclusive, and make a difference by providing a personalized service.<\/p>\n<p data-start=\"365\" data-end=\"554\">NSGLOG as your grow your business to streamline processes and logistics is evolving, we offer you the best logistics experience. Please get in touch with the right solution for you!<\/p>\n<ul>\n<li data-start=\"109\" data-end=\"224\">\n<p data-start=\"111\" data-end=\"224\">\ud83d\udcbc <strong data-start=\"114\" data-end=\"144\">Solutions To Fit Every Budget<\/strong><br data-start=\"144\" data-end=\"147\" \/>Economic logistics solutions for your needs with custom options and elite service.<\/p>\n<\/li>\n<li data-start=\"226\" data-end=\"324\">\n<p data-start=\"228\" data-end=\"324\">\ud83d\ude80 <strong data-start=\"231\" data-end=\"262\">Fast and reliable delivery<\/strong><br data-start=\"262\" data-end=\"265\" \/>The price\/performance balance with timely delivery guarantee.<\/p>\n<\/li>\n<li data-start=\"326\" data-end=\"421\">\n<p data-start=\"328\" data-end=\"421\">\ud83c\udfaf <strong data-start=\"331\" data-end=\"358\">Priority Service Facilities<\/strong><br data-start=\"358\" data-end=\"361\" \/>Priority service with the elite, privileged transportation options.<\/p>\n<\/li>\n<li data-start=\"423\" data-end=\"512\">\n<p data-start=\"425\" data-end=\"512\">\ud83d\udd04 <strong data-start=\"428\" data-end=\"467\">Flexible and customizable Structure<\/strong><br data-start=\"467\" data-end=\"470\" \/>Your specific business planning and process management.<\/p>\n<\/li>\n<li data-start=\"514\" data-end=\"626\">\n<p data-start=\"516\" data-end=\"626\">\ud83d\udcca <strong data-start=\"519\" data-end=\"549\">Constantly Evolving Service Network<\/strong><br data-start=\"549\" data-end=\"552\" \/>Expanding global business partnerships with continuous service and logistics networks.<\/p>\n<\/li>\n<\/ul>\n\n\t\t<\/div>\n\t<\/div>\n<\/div><\/div><\/div>\n<\/section>","protected":false},"excerpt":{"rendered":"M\u00fc\u015fterilerimizin farkl\u0131 ihtiya\u00e7 ve b\u00fct\u00e7elerine \u00f6zel \u00e7\u00f6z\u00fcmler sunuyoruz. Ekonomik servis se\u00e7ene\u011fimiz, uygun fiyatlarla h\u0131zl\u0131 ve g\u00fcvenilir teslimat imk\u00e2n\u0131 sa\u011flarken; elit servis se\u00e7ene\u011fimiz ise \u00f6ncelikli, ayr\u0131cal\u0131kl\u0131 ve ki\u015fiselle\u015ftirilmi\u015f hizmet anlay\u0131\u015f\u0131yla fark yarat\u0131r. NSGLOG olarak, lojistik s\u00fcre\u00e7lerinizi kolayla\u015ft\u0131rmak ve i\u015finizi b\u00fcy\u00fctmek i\u00e7in s\u00fcrekli geli\u015fiyor, size en iyi lojistik deneyimini sunuyoruz. Sizin i\u00e7in en do\u011fru \u00e7\u00f6z\u00fcm\u00fc birlikte belirleyelim! [...]","protected":false},"author":1,"featured_media":0,"parent":2950,"menu_order":0,"comment_status":"closed","ping_status":"closed","template":"","meta":{"footnotes":""},"class_list":["post-3165","page","type-page","status-publish","hentry"],"_links":{"self":[{"href":"https:\/\/www.koseoglugida.com\/en\/wp-json\/wp\/v2\/pages\/3165","targetHints":{"allow":["GET"]}}],"collection":[{"href":"https:\/\/www.koseoglugida.com\/en\/wp-json\/wp\/v2\/pages"}],"about":[{"href":"https:\/\/www.koseoglugida.com\/en\/wp-json\/wp\/v2\/types\/page"}],"author":[{"embeddable":true,"href":"https:\/\/www.koseoglugida.com\/en\/wp-json\/wp\/v2\/users\/1"}],"replies":[{"embeddable":true,"href":"https:\/\/www.koseoglugida.com\/en\/wp-json\/wp\/v2\/comments?post=3165"}],"version-history":[{"count":1,"href":"https:\/\/www.koseoglugida.com\/en\/wp-json\/wp\/v2\/pages\/3165\/revisions"}],"predecessor-version":[{"id":3354,"href":"https:\/\/www.koseoglugida.com\/en\/wp-json\/wp\/v2\/pages\/3165\/revisions\/3354"}],"up":[{"embeddable":true,"href":"https:\/\/www.koseoglugida.com\/en\/wp-json\/wp\/v2\/pages\/2950"}],"wp:attachment":[{"href":"https:\/\/www.koseoglugida.com\/en\/wp-json\/wp\/v2\/media?parent=3165"}],"curies":[{"name":"wp","href":"https:\/\/api.w.org\/{rel}","templated":true}]}}