{"id":3137,"date":"2025-03-19T08:03:08","date_gmt":"2025-03-19T08:03:08","guid":{"rendered":"https:\/\/www.koseoglugida.com\/?page_id=3137"},"modified":"2025-05-18T07:01:21","modified_gmt":"2025-05-18T07:01:21","slug":"veri-gizliligi-ve-guvenligi-kvkk","status":"publish","type":"page","link":"https:\/\/www.koseoglugida.com\/en\/veri-gizliligi-ve-guvenligi-kvkk\/","title":{"rendered":"Data privacy and security (KVKK)"},"content":{"rendered":"<section class=\"wpb-content-wrapper\"><div class=\"vc_row wpb_row row top-row\"><div class=\"vc_column_container col-md-12\"><div class=\"wpb_wrapper vc_column-inner\">\n\t<div class=\"wpb_text_column wpb_content_element\" >\n\t\t<div class=\"wpb_wrapper\">\n\t\t\t<p class=\"\" data-start=\"281\" data-end=\"613\">K\u00f6seo\u011flu G\u0131da olarak, m\u00fc\u015fterilerimizin, i\u015f ortaklar\u0131m\u0131z\u0131n, \u00e7al\u0131\u015fanlar\u0131m\u0131z\u0131n ve t\u00fcm ziyaret\u00e7ilerimizin ki\u015fisel verilerinin gizlili\u011fine ve g\u00fcvenli\u011fine b\u00fcy\u00fck \u00f6nem veriyoruz. Bu kapsamda ki\u015fisel veriler, 6698 say\u0131l\u0131 <strong data-start=\"493\" data-end=\"538\">Ki\u015fisel Verilerin Korunmas\u0131 Kanunu (KVKK)<\/strong> ve ilgili mevzuata uygun \u015fekilde i\u015flenmekte, saklanmakta ve korunmaktad\u0131r.<\/p>\n<h4 class=\"\" data-start=\"615\" data-end=\"675\">1. <strong data-start=\"623\" data-end=\"675\">Ki\u015fisel Verilerin Toplanmas\u0131 ve \u0130\u015flenme Ama\u00e7lar\u0131<\/strong><\/h4>\n<p class=\"\" data-start=\"677\" data-end=\"843\">K\u00f6seo\u011flu G\u0131da; internet sitesi, telefon, e-posta, y\u00fcz y\u00fcze ileti\u015fim veya di\u011fer ileti\u015fim kanallar\u0131 arac\u0131l\u0131\u011f\u0131yla elde edilen ki\u015fisel verileri \u015fu ama\u00e7larla i\u015flemektedir:<\/p>\n<ul data-start=\"845\" data-end=\"1194\">\n<li class=\"\" data-start=\"845\" data-end=\"894\">\n<p class=\"\" data-start=\"847\" data-end=\"894\">Talep, \u00f6neri, \u015fik\u00e2yetlerin de\u011ferlendirilmesi,<\/p>\n<\/li>\n<li class=\"\" data-start=\"895\" data-end=\"930\">\n<p class=\"\" data-start=\"897\" data-end=\"930\">M\u00fc\u015fteri ili\u015fkilerinin y\u00f6netimi,<\/p>\n<\/li>\n<li class=\"\" data-start=\"931\" data-end=\"984\">\n<p class=\"\" data-start=\"933\" data-end=\"984\">\u00dcr\u00fcn ve hizmetlerin sunulmas\u0131 ve iyile\u015ftirilmesi,<\/p>\n<\/li>\n<li class=\"\" data-start=\"985\" data-end=\"1057\">\n<p class=\"\" data-start=\"987\" data-end=\"1057\">Pazarlama faaliyetlerinin y\u00fcr\u00fct\u00fclmesi (a\u00e7\u0131k r\u0131za al\u0131nmas\u0131 \u015fart\u0131yla),<\/p>\n<\/li>\n<li class=\"\" data-start=\"1058\" data-end=\"1104\">\n<p class=\"\" data-start=\"1060\" data-end=\"1104\">Hukuki y\u00fck\u00fcml\u00fcl\u00fcklerin yerine getirilmesi,<\/p>\n<\/li>\n<li class=\"\" data-start=\"1105\" data-end=\"1136\">\n<p class=\"\" data-start=\"1107\" data-end=\"1136\">Finansal i\u015flemlerin takibi,<\/p>\n<\/li>\n<li class=\"\" data-start=\"1137\" data-end=\"1194\">\n<p class=\"\" data-start=\"1139\" data-end=\"1194\">G\u00fcvenli\u011fin sa\u011flanmas\u0131 ve yetkisiz i\u015flemlerin \u00f6nlenmesi.<\/p>\n<\/li>\n<\/ul>\n<h4 class=\"\" data-start=\"1196\" data-end=\"1249\">2. <strong data-start=\"1204\" data-end=\"1249\">Ki\u015fisel Verilerin Saklanmas\u0131 ve G\u00fcvenli\u011fi<\/strong><\/h4>\n<p class=\"\" data-start=\"1251\" data-end=\"1391\">Toplanan ki\u015fisel veriler, i\u015flendikleri ama\u00e7la orant\u0131l\u0131 bir \u015fekilde ve yaln\u0131zca gerekli s\u00fcre kadar saklan\u0131r. Veri g\u00fcvenli\u011fini sa\u011flamak ad\u0131na;<\/p>\n<ul data-start=\"1393\" data-end=\"1560\">\n<li class=\"\" data-start=\"1393\" data-end=\"1436\">\n<p class=\"\" data-start=\"1395\" data-end=\"1436\">Yetkisiz eri\u015fime kar\u015f\u0131 koruma sa\u011flan\u0131r,<\/p>\n<\/li>\n<li class=\"\" data-start=\"1437\" data-end=\"1495\">\n<p class=\"\" data-start=\"1439\" data-end=\"1495\">Fiziksel ve dijital ortamda g\u00fcvenlik \u00f6nlemleri al\u0131n\u0131r,<\/p>\n<\/li>\n<li class=\"\" data-start=\"1496\" data-end=\"1560\">\n<p class=\"\" data-start=\"1498\" data-end=\"1560\">Sistemlere s\u0131zma testleri ve yedekleme prosed\u00fcrleri uygulan\u0131r.<\/p>\n<\/li>\n<\/ul>\n<p class=\"\" data-start=\"1562\" data-end=\"1661\">T\u00fcm personelimiz, ki\u015fisel verilerin gizlili\u011fi ve g\u00fcvenli\u011fi konusunda d\u00fczenli olarak e\u011fitilmektedir.<\/p>\n<h4 class=\"\" data-start=\"1663\" data-end=\"1701\">3. <strong data-start=\"1671\" data-end=\"1701\">Ki\u015fisel Verilerin Aktar\u0131m\u0131<\/strong><\/h4>\n<p class=\"\" data-start=\"1703\" data-end=\"1890\">K\u00f6seo\u011flu G\u0131da, ki\u015fisel verileri <strong data-start=\"1735\" data-end=\"1776\">ilgili ki\u015finin a\u00e7\u0131k r\u0131zas\u0131 olmaks\u0131z\u0131n<\/strong> \u00fc\u00e7\u00fcnc\u00fc \u015fah\u0131slara aktarmamaktad\u0131r. Ancak, a\u015fa\u011f\u0131daki durumlarda yasal istisnalar kapsam\u0131nda veriler payla\u015f\u0131labilir:<\/p>\n<ul data-start=\"1892\" data-end=\"2200\">\n<li class=\"\" data-start=\"1892\" data-end=\"1947\">\n<p class=\"\" data-start=\"1894\" data-end=\"1947\">\u0130lgili mevzuat gere\u011fi kamu kurum ve kurulu\u015flar\u0131yla,<\/p>\n<\/li>\n<li class=\"\" data-start=\"1948\" data-end=\"2002\">\n<p class=\"\" data-start=\"1950\" data-end=\"2002\">Yasal y\u00fck\u00fcml\u00fcl\u00fcklerin yerine getirilmesi amac\u0131yla,<\/p>\n<\/li>\n<li class=\"\" data-start=\"2003\" data-end=\"2044\">\n<p class=\"\" data-start=\"2005\" data-end=\"2044\">Hukuki s\u00fcre\u00e7lerde yetkili mercilerle,<\/p>\n<\/li>\n<li class=\"\" data-start=\"2045\" data-end=\"2200\">\n<p class=\"\" data-start=\"2047\" data-end=\"2200\">Hizmet al\u0131nan i\u015f ortaklar\u0131, tedarik\u00e7iler ve dan\u0131\u015fmanl\u0131k firmalar\u0131yla, yaln\u0131zca hizmetin y\u00fcr\u00fct\u00fclmesi amac\u0131yla ve gerekli gizlilik s\u00f6zle\u015fmeleri kapsam\u0131nda.<\/p>\n<\/li>\n<\/ul>\n<h4 class=\"\" data-start=\"2202\" data-end=\"2255\">4. <strong data-start=\"2210\" data-end=\"2255\">Veri Sahiplerinin Haklar\u0131 (KVKK Madde 11)<\/strong><\/h4>\n<p class=\"\" data-start=\"2257\" data-end=\"2348\">KVKK uyar\u0131nca veri sahipleri; K\u00f6seo\u011flu G\u0131da\u2019ya ba\u015fvurarak a\u015fa\u011f\u0131daki haklar\u0131n\u0131 kullanabilir:<\/p>\n<ul data-start=\"2350\" data-end=\"3042\">\n<li class=\"\" data-start=\"2350\" data-end=\"2404\">\n<p class=\"\" data-start=\"2352\" data-end=\"2404\">Ki\u015fisel verilerinin i\u015flenip i\u015flenmedi\u011fini \u00f6\u011frenme,<\/p>\n<\/li>\n<li class=\"\" data-start=\"2405\" data-end=\"2450\">\n<p class=\"\" data-start=\"2407\" data-end=\"2450\">\u0130\u015flenmi\u015fse buna ili\u015fkin bilgi talep etme,<\/p>\n<\/li>\n<li class=\"\" data-start=\"2451\" data-end=\"2522\">\n<p class=\"\" data-start=\"2453\" data-end=\"2522\">\u0130\u015flenme amac\u0131n\u0131 ve amaca uygun kullan\u0131l\u0131p kullan\u0131lmad\u0131\u011f\u0131n\u0131 \u00f6\u011frenme,<\/p>\n<\/li>\n<li class=\"\" data-start=\"2523\" data-end=\"2601\">\n<p class=\"\" data-start=\"2525\" data-end=\"2601\">Yurt i\u00e7inde veya yurt d\u0131\u015f\u0131nda verilerin aktar\u0131ld\u0131\u011f\u0131 \u00fc\u00e7\u00fcnc\u00fc ki\u015fileri bilme,<\/p>\n<\/li>\n<li class=\"\" data-start=\"2602\" data-end=\"2665\">\n<p class=\"\" data-start=\"2604\" data-end=\"2665\">Eksik veya yanl\u0131\u015f i\u015flenmi\u015f verilerin d\u00fczeltilmesini isteme,<\/p>\n<\/li>\n<li class=\"\" data-start=\"2666\" data-end=\"2748\">\n<p class=\"\" data-start=\"2668\" data-end=\"2748\">Kanuna uygun olarak i\u015flenmi\u015f verilerin silinmesini veya yok edilmesini isteme,<\/p>\n<\/li>\n<li class=\"\" data-start=\"2749\" data-end=\"2828\">\n<p class=\"\" data-start=\"2751\" data-end=\"2828\">Bu i\u015flemlerin, verilerin aktar\u0131ld\u0131\u011f\u0131 \u00fc\u00e7\u00fcnc\u00fc ki\u015filere bildirilmesini isteme,<\/p>\n<\/li>\n<li class=\"\" data-start=\"2829\" data-end=\"2956\">\n<p class=\"\" data-start=\"2831\" data-end=\"2956\">\u0130\u015flenen verilerin yaln\u0131zca otomatik sistemler ile analiz edilmesi sonucu aleyhine bir sonucun ortaya \u00e7\u0131kmas\u0131na itiraz etme,<\/p>\n<\/li>\n<li class=\"\" data-start=\"2957\" data-end=\"3042\">\n<p class=\"\" data-start=\"2959\" data-end=\"3042\">Kanuna ayk\u0131r\u0131 veri i\u015flenmesi nedeniyle zarara u\u011framas\u0131 h\u00e2linde tazminat talep etme.<\/p>\n<\/li>\n<\/ul>\n<h4 class=\"\" data-start=\"3044\" data-end=\"3071\">5. <strong data-start=\"3052\" data-end=\"3071\">Reference Method<\/strong><\/h4>\n<p class=\"\" data-start=\"3073\" data-end=\"3353\">Ki\u015fisel verilerinizle ilgili taleplerinizi, kimli\u011finizi ispatlayacak belgelerle birlikte yaz\u0131l\u0131 olarak veya kay\u0131tl\u0131 elektronik posta (KEP) adresi, e-posta veya di\u011fer y\u00f6ntemlerle \u015firketimize iletebilirsiniz. Ba\u015fvurular\u0131n\u0131z en ge\u00e7 30 g\u00fcn i\u00e7inde \u00fccretsiz olarak sonu\u00e7land\u0131r\u0131lacakt\u0131r.<\/p>\n<hr class=\"\" data-start=\"3355\" data-end=\"3358\" \/>\n<p class=\"\" data-start=\"3360\" data-end=\"3479\"><strong data-start=\"3360\" data-end=\"3479\">K\u00f6seo\u011flu G\u0131da olarak ki\u015fisel verilerinizi sorumluluk bilinciyle koruyor, gizlili\u011finizi en \u00fcst seviyede \u00f6nemsiyoruz.<\/strong><\/p>\n\n\t\t<\/div>\n\t<\/div>\n<\/div><\/div><\/div>\n<\/section>","protected":false},"excerpt":{"rendered":"K\u00f6seo\u011flu G\u0131da olarak, m\u00fc\u015fterilerimizin, i\u015f ortaklar\u0131m\u0131z\u0131n, \u00e7al\u0131\u015fanlar\u0131m\u0131z\u0131n ve t\u00fcm ziyaret\u00e7ilerimizin ki\u015fisel verilerinin gizlili\u011fine ve g\u00fcvenli\u011fine b\u00fcy\u00fck \u00f6nem veriyoruz. Bu kapsamda ki\u015fisel veriler, 6698 say\u0131l\u0131 Ki\u015fisel Verilerin Korunmas\u0131 Kanunu (KVKK) ve ilgili mevzuata uygun \u015fekilde i\u015flenmekte, saklanmakta ve korunmaktad\u0131r. 1. Ki\u015fisel Verilerin Toplanmas\u0131 ve \u0130\u015flenme Ama\u00e7lar\u0131 K\u00f6seo\u011flu G\u0131da; internet sitesi, telefon, e-posta, y\u00fcz y\u00fcze ileti\u015fim veya [...]","protected":false},"author":1,"featured_media":0,"parent":0,"menu_order":0,"comment_status":"closed","ping_status":"closed","template":"","meta":{"footnotes":""},"class_list":["post-3137","page","type-page","status-publish","hentry"],"_links":{"self":[{"href":"https:\/\/www.koseoglugida.com\/en\/wp-json\/wp\/v2\/pages\/3137","targetHints":{"allow":["GET"]}}],"collection":[{"href":"https:\/\/www.koseoglugida.com\/en\/wp-json\/wp\/v2\/pages"}],"about":[{"href":"https:\/\/www.koseoglugida.com\/en\/wp-json\/wp\/v2\/types\/page"}],"author":[{"embeddable":true,"href":"https:\/\/www.koseoglugida.com\/en\/wp-json\/wp\/v2\/users\/1"}],"replies":[{"embeddable":true,"href":"https:\/\/www.koseoglugida.com\/en\/wp-json\/wp\/v2\/comments?post=3137"}],"version-history":[{"count":1,"href":"https:\/\/www.koseoglugida.com\/en\/wp-json\/wp\/v2\/pages\/3137\/revisions"}],"predecessor-version":[{"id":3447,"href":"https:\/\/www.koseoglugida.com\/en\/wp-json\/wp\/v2\/pages\/3137\/revisions\/3447"}],"wp:attachment":[{"href":"https:\/\/www.koseoglugida.com\/en\/wp-json\/wp\/v2\/media?parent=3137"}],"curies":[{"name":"wp","href":"https:\/\/api.w.org\/{rel}","templated":true}]}}