{"id":3136,"date":"2025-03-19T08:02:37","date_gmt":"2025-03-19T08:02:37","guid":{"rendered":"https:\/\/www.koseoglugida.com\/?page_id=3136"},"modified":"2025-05-18T06:59:46","modified_gmt":"2025-05-18T06:59:46","slug":"neden-biz","status":"publish","type":"page","link":"https:\/\/www.koseoglugida.com\/en\/neden-biz\/","title":{"rendered":"Why Us?"},"content":{"rendered":"<section class=\"wpb-content-wrapper\"><div class=\"vc_row wpb_row row top-row\"><div class=\"vc_column_container col-md-12\"><div class=\"wpb_wrapper vc_column-inner\">\n\t<div class=\"wpb_text_column wpb_content_element\" >\n\t\t<div class=\"wpb_wrapper\">\n\t\t\t<p class=\"\" data-start=\"253\" data-end=\"444\"><strong data-start=\"253\" data-end=\"444\">K\u00f6seo\u011flu G\u0131da olarak; ge\u00e7mi\u015ften gelen tecr\u00fcbemizi, yenilik\u00e7i bak\u0131\u015f a\u00e7\u0131m\u0131zla birle\u015ftirerek t\u00fcketicilerimize de\u011fer katan \u00e7\u00f6z\u00fcmler sunuyoruz. Bizi tercih etmeniz i\u00e7in g\u00fc\u00e7l\u00fc sebeplerimiz var:<\/strong><\/p>\n<h4 class=\"\" data-start=\"446\" data-end=\"475\">1. <strong data-start=\"454\" data-end=\"475\">30 Y\u0131ll\u0131k Tecr\u00fcbe<\/strong><\/h4>\n<p class=\"\" data-start=\"476\" data-end=\"629\">1993 y\u0131l\u0131ndan bu yana g\u0131da sekt\u00f6r\u00fcnde edindi\u011fimiz bilgi birikimi ve saha deneyimiyle, m\u00fc\u015fterilerimize g\u00fcven veren ve s\u00fcrd\u00fcr\u00fclebilir bir hizmet sunuyoruz.<\/p>\n<h4 class=\"\" data-start=\"631\" data-end=\"663\">2. <strong data-start=\"639\" data-end=\"663\">Geni\u015f \u00dcr\u00fcn Yelpazesi<\/strong><\/h4>\n<p class=\"\" data-start=\"664\" data-end=\"882\">Geleneksel kahvalt\u0131l\u0131klardan yenilik\u00e7i lezzetlere kadar uzanan zengin \u00fcr\u00fcn portf\u00f6y\u00fcm\u00fczle her damak tad\u0131na hitap ediyoruz. \u00dcr\u00fcn \u00e7e\u015fitlili\u011fimizle bayilerimize ve t\u00fcketicilerimize her zaman en uygun se\u00e7enekleri sunuyoruz.<\/p>\n<h4 class=\"\" data-start=\"884\" data-end=\"930\">3. <strong data-start=\"892\" data-end=\"930\">Yayg\u0131n Da\u011f\u0131t\u0131m A\u011f\u0131 ve H\u0131zl\u0131 Servis<\/strong><\/h4>\n<p class=\"\" data-start=\"931\" data-end=\"1068\">Donan\u0131ml\u0131 ara\u00e7 filomuz, plasiyer a\u011f\u0131m\u0131z ve deneyimli sat\u0131\u015f destek ekibimiz sayesinde sipari\u015flerinizi zaman\u0131nda ve eksiksiz ula\u015ft\u0131r\u0131yoruz.<\/p>\n<h4 class=\"\" data-start=\"1070\" data-end=\"1121\">4. <strong data-start=\"1078\" data-end=\"1121\">Kalite ve G\u0131da G\u00fcvenli\u011fi \u00d6nceli\u011fimizdir<\/strong><\/h4>\n<p class=\"\" data-start=\"1122\" data-end=\"1311\">\u00dcretimin her a\u015famas\u0131nda kalite kontrol mekanizmalar\u0131 uyguluyor, hijyen standartlar\u0131ndan asla taviz vermiyoruz. T\u00fcm \u00fcr\u00fcnlerimiz, g\u0131da g\u00fcvenli\u011fi y\u00f6netmeliklerine uygun \u015fekilde \u00fcretilmektedir.<\/p>\n<h4 class=\"\" data-start=\"1313\" data-end=\"1355\">5. <strong data-start=\"1321\" data-end=\"1355\">M\u00fc\u015fteri Odakl\u0131 Hizmet Anlay\u0131\u015f\u0131<\/strong><\/h4>\n<p class=\"\" data-start=\"1356\" data-end=\"1555\">M\u00fc\u015fterilerimizin ihtiya\u00e7lar\u0131n\u0131 iyi analiz ediyor, beklentilerinin \u00f6tesine ge\u00e7ecek \u00e7\u00f6z\u00fcmler sunmaya \u00e7al\u0131\u015f\u0131yoruz. Sundu\u011fumuz her \u00fcr\u00fcn ve hizmette m\u00fc\u015fteri memnuniyetini temel \u00f6nceli\u011fimiz kabul ediyoruz.<\/p>\n<h4 class=\"\" data-start=\"1557\" data-end=\"1595\">6. <strong data-start=\"1565\" data-end=\"1595\">Yenilik\u00e7i ve Geli\u015fen Marka<\/strong><\/h4>\n<p class=\"\" data-start=\"1596\" data-end=\"1784\">Sekt\u00f6rdeki geli\u015fmeleri yak\u0131ndan takip ederek markalar\u0131m\u0131z\u0131 s\u00fcrekli yeniliyor, geleneksel tatlar\u0131 modern \u00fcretim teknikleriyle harmanl\u0131yoruz. De\u011fi\u015fime a\u00e7\u0131k yap\u0131m\u0131zla daima ileriye bak\u0131yoruz.<\/p>\n<h4 class=\"\" data-start=\"1786\" data-end=\"1817\">7. <strong data-start=\"1794\" data-end=\"1817\">G\u00fcvenilir \u0130\u015f Orta\u011f\u0131<\/strong><\/h4>\n<p class=\"\" data-start=\"1818\" data-end=\"1999\">Sadece \u00fcr\u00fcn tedarik\u00e7isi de\u011fil, i\u015f ortaklar\u0131m\u0131z i\u00e7in s\u00fcrd\u00fcr\u00fclebilir b\u00fcy\u00fcmenin bir par\u00e7as\u0131 olmay\u0131 hedefliyoruz. Uzun vadeli, g\u00fcvene dayal\u0131 ili\u015fkiler kurmak temel prensiplerimizdendir.<\/p>\n<hr class=\"\" data-start=\"2001\" data-end=\"2004\" \/>\n<p class=\"\" data-start=\"2006\" data-end=\"2156\"><strong data-start=\"2006\" data-end=\"2156\">K\u00f6seo\u011flu G\u0131da olarak; kaliteyi, g\u00fcveni, yenili\u011fi ve m\u00fc\u015fteri memnuniyetini bir araya getiriyor, birlikte b\u00fcy\u00fcmeye ve de\u011fer \u00fcretmeye devam ediyoruz.<\/strong><\/p>\n\n\t\t<\/div>\n\t<\/div>\n<\/div><\/div><\/div>\n<\/section>","protected":false},"excerpt":{"rendered":"K\u00f6seo\u011flu G\u0131da olarak; ge\u00e7mi\u015ften gelen tecr\u00fcbemizi, yenilik\u00e7i bak\u0131\u015f a\u00e7\u0131m\u0131zla birle\u015ftirerek t\u00fcketicilerimize de\u011fer katan \u00e7\u00f6z\u00fcmler sunuyoruz. Bizi tercih etmeniz i\u00e7in g\u00fc\u00e7l\u00fc sebeplerimiz var: 1. 30 Y\u0131ll\u0131k Tecr\u00fcbe 1993 y\u0131l\u0131ndan bu yana g\u0131da sekt\u00f6r\u00fcnde edindi\u011fimiz bilgi birikimi ve saha deneyimiyle, m\u00fc\u015fterilerimize g\u00fcven veren ve s\u00fcrd\u00fcr\u00fclebilir bir hizmet sunuyoruz. 2. Geni\u015f \u00dcr\u00fcn Yelpazesi Geleneksel kahvalt\u0131l\u0131klardan yenilik\u00e7i lezzetlere kadar [...]","protected":false},"author":1,"featured_media":0,"parent":0,"menu_order":0,"comment_status":"closed","ping_status":"closed","template":"","meta":{"footnotes":""},"class_list":["post-3136","page","type-page","status-publish","hentry"],"_links":{"self":[{"href":"https:\/\/www.koseoglugida.com\/en\/wp-json\/wp\/v2\/pages\/3136","targetHints":{"allow":["GET"]}}],"collection":[{"href":"https:\/\/www.koseoglugida.com\/en\/wp-json\/wp\/v2\/pages"}],"about":[{"href":"https:\/\/www.koseoglugida.com\/en\/wp-json\/wp\/v2\/types\/page"}],"author":[{"embeddable":true,"href":"https:\/\/www.koseoglugida.com\/en\/wp-json\/wp\/v2\/users\/1"}],"replies":[{"embeddable":true,"href":"https:\/\/www.koseoglugida.com\/en\/wp-json\/wp\/v2\/comments?post=3136"}],"version-history":[{"count":1,"href":"https:\/\/www.koseoglugida.com\/en\/wp-json\/wp\/v2\/pages\/3136\/revisions"}],"predecessor-version":[{"id":3446,"href":"https:\/\/www.koseoglugida.com\/en\/wp-json\/wp\/v2\/pages\/3136\/revisions\/3446"}],"wp:attachment":[{"href":"https:\/\/www.koseoglugida.com\/en\/wp-json\/wp\/v2\/media?parent=3136"}],"curies":[{"name":"wp","href":"https:\/\/api.w.org\/{rel}","templated":true}]}}