{"id":3079,"date":"2025-03-14T07:45:41","date_gmt":"2025-03-14T07:45:41","guid":{"rendered":"https:\/\/www.koseoglugida.com\/?page_id=3079"},"modified":"2025-03-21T06:47:57","modified_gmt":"2025-03-21T06:47:57","slug":"teklif-formu","status":"publish","type":"page","link":"https:\/\/www.koseoglugida.com\/en\/teklif-formu\/","title":{"rendered":"The Quote Form"},"content":{"rendered":"<section class=\"wpb-content-wrapper\"><div class=\"vc_row wpb_row row top-row\"><div class=\"vc_column_container col-md-6\"><div class=\"wpb_wrapper vc_column-inner\">\n\t<div class=\"wpb_text_column wpb_content_element\" >\n\t\t<div class=\"wpb_wrapper\">\n\t\t\t<h1 class=\"MuiTypography-root MuiTypography-h1 mui-style-rg5l3\"><span style=\"font-size: 28px;\">The most advantageous prices and the highest quality service for your overseas shipments contact us!<\/span><\/h1>\n<p>Taking delivery of your shipments are hiding in depolarmiz have high standards, and we are kargoluyo where you want it. Logistics operations has never been easier!<\/p>\n\n\t\t<\/div>\n\t<\/div>\n\r\n\t<div class=\"wpb_single_image wpb_content_element vc_align_left\">\r\n\t\t<div class=\"wpb_wrapper\">\r\n\t\t\t\r\n\t\t\t<div class=\"vc_single_image-wrapper vc_box_shadow_border  vc_box_border_grey\"><\/div>\r\n\t\t<\/div>\r\n\t<\/div>\r\n<\/div><\/div><div class=\"vc_column_container col-md-6\"><div class=\"wpb_wrapper vc_column-inner\">\n\t<div class=\"wpb_text_column wpb_content_element\" >\n\t\t<div class=\"wpb_wrapper\">\n\t\t\t<div id=\"quform-fe48b3\" class=\"quform quform-3 quform-theme-simple quform-support-page-caching\"><form id=\"quform-form-fe48b3\" class=\"quform-form quform-form-3\" action=\"\/en\/wp-json\/wp\/v2\/pages\/3079#quform-fe48b3\" method=\"post\" enctype=\"multipart\/form-data\" novalidate=\"novalidate\" data-options=\"{&quot;id&quot;:3,&quot;uniqueId&quot;:&quot;fe48b3&quot;,&quot;theme&quot;:&quot;simple&quot;,&quot;ajax&quot;:true,&quot;logic&quot;:{&quot;logic&quot;:[],&quot;dependents&quot;:[],&quot;elementIds&quot;:[],&quot;dependentElementIds&quot;:[],&quot;animate&quot;:true},&quot;currentPageId&quot;:1,&quot;errorsIcon&quot;:&quot;&quot;,&quot;updateFancybox&quot;:true,&quot;hasPages&quot;:false,&quot;pages&quot;:[1],&quot;pageProgressType&quot;:&quot;numbers&quot;,&quot;tooltipsEnabled&quot;:true,&quot;tooltipClasses&quot;:&quot;qtip-quform-dark qtip-shadow&quot;,&quot;tooltipMy&quot;:&quot;left center&quot;,&quot;tooltipAt&quot;:&quot;right center&quot;,&quot;isRtl&quot;:false,&quot;scrollOffset&quot;:-50,&quot;scrollSpeed&quot;:800}\" data-trp-original-action=\"\/en\/wp-json\/wp\/v2\/pages\/3079#quform-fe48b3\"><button class=\"quform-default-submit\" name=\"quform_submit\" type=\"submit\" value=\"submit\" aria-hidden=\"true\" tabindex=\"-1\"><\/button><div class=\"quform-form-inner quform-form-inner-3\"><input type=\"hidden\" name=\"quform_form_id\" value=\"3\" \/><input type=\"hidden\" name=\"quform_form_uid\" value=\"fe48b3\" \/><input type=\"hidden\" name=\"quform_count\" value=\"1\" \/><input type=\"hidden\" name=\"form_url\" value=\"https:\/\/www.koseoglugida.com\/en\/wp-json\/wp\/v2\/pages\/3079\" \/><input type=\"hidden\" name=\"referring_url\" value=\"\" \/><input type=\"hidden\" name=\"post_id\" value=\"\" \/><input type=\"hidden\" name=\"post_title\" value=\"\" \/><input type=\"hidden\" name=\"quform_current_page_id\" value=\"1\" \/><input type=\"hidden\" name=\"quform_csrf_token\" value=\"rHmrbejvlmIZgwdfVdDYpYmKg9bw15B0XYy6xxHa\" \/><div class=\"quform-elements quform-elements-3 quform-cf quform-responsive-elements-phone-landscape\"><div class=\"quform-element quform-element-page quform-page-1 quform-page-3_1 quform-cf quform-group-style-plain quform-first-page quform-last-page quform-current-page\"><div class=\"quform-child-elements\"><div class=\"quform-element quform-element-row quform-element-row-3_3 quform-2-columns quform-element-row-size-fixed quform-responsive-columns-phone-landscape\"><div class=\"quform-element quform-element-column quform-element-3_4\"><div class=\"quform-element quform-element-text quform-element-3_6 quform-cf quform-element-required\"><div class=\"quform-spacer\"><div class=\"quform-label quform-label-3_6\"><label class=\"quform-label-text\" for=\"quform_3_6_fe48b3\">Your name<span class=\"quform-required\">*<\/span><\/label><\/div><div class=\"quform-inner quform-inner-text quform-inner-3_6\"><div class=\"quform-input quform-input-text quform-input-3_6 quform-cf\"><input type=\"text\" id=\"quform_3_6_fe48b3\" name=\"quform_3_6\" class=\"quform-field quform-field-text quform-field-3_6\" \/><\/div><\/div><\/div><\/div><\/div><div class=\"quform-element quform-element-column quform-element-3_5\"><div class=\"quform-element quform-element-text quform-element-3_7 quform-cf quform-element-required\"><div class=\"quform-spacer\"><div class=\"quform-label quform-label-3_7\"><label class=\"quform-label-text\" for=\"quform_3_7_fe48b3\">Surname<span class=\"quform-required\">*<\/span><\/label><\/div><div class=\"quform-inner quform-inner-text quform-inner-3_7\"><div class=\"quform-input quform-input-text quform-input-3_7 quform-cf\"><input type=\"text\" id=\"quform_3_7_fe48b3\" name=\"quform_3_7\" class=\"quform-field quform-field-text quform-field-3_7\" \/><\/div><\/div><\/div><\/div><\/div><\/div><div class=\"quform-element quform-element-row quform-element-row-3_8 quform-2-columns quform-element-row-size-fixed quform-responsive-columns-phone-landscape\"><div class=\"quform-element quform-element-column quform-element-3_9\"><div class=\"quform-element quform-element-text quform-element-3_11 quform-cf quform-element-required\"><div class=\"quform-spacer\"><div class=\"quform-label quform-label-3_11\"><label class=\"quform-label-text\" for=\"quform_3_11_fe48b3\">Phone Number<span class=\"quform-required\">*<\/span><\/label><\/div><div class=\"quform-inner quform-inner-text quform-inner-3_11\"><div class=\"quform-input quform-input-text quform-input-3_11 quform-cf\"><input type=\"text\" id=\"quform_3_11_fe48b3\" name=\"quform_3_11\" class=\"quform-field quform-field-text quform-field-3_11\" \/><\/div><\/div><\/div><\/div><\/div><div class=\"quform-element quform-element-column quform-element-3_10\"><div class=\"quform-element quform-element-email quform-element-3_12 quform-cf quform-element-required\"><div class=\"quform-spacer\"><div class=\"quform-label quform-label-3_12\"><label class=\"quform-label-text\" for=\"quform_3_12_fe48b3\">E-mail address<span class=\"quform-required\">*<\/span><\/label><\/div><div class=\"quform-inner quform-inner-email quform-inner-3_12\"><div class=\"quform-input quform-input-email quform-input-3_12 quform-cf\"><input type=\"email\" id=\"quform_3_12_fe48b3\" name=\"quform_3_12\" class=\"quform-field quform-field-email quform-field-3_12\" \/><\/div><\/div><\/div><\/div><\/div><\/div><div class=\"quform-element quform-element-text quform-element-3_13 quform-cf quform-element-required\"><div class=\"quform-spacer\"><div class=\"quform-label quform-label-3_13\"><label class=\"quform-label-text\" for=\"quform_3_13_fe48b3\">Current City<span class=\"quform-required\">*<\/span><\/label><\/div><div class=\"quform-inner quform-inner-text quform-inner-3_13\"><div class=\"quform-input quform-input-text quform-input-3_13 quform-cf\"><input type=\"text\" id=\"quform_3_13_fe48b3\" name=\"quform_3_13\" class=\"quform-field quform-field-text quform-field-3_13\" \/><\/div><\/div><\/div><\/div><div class=\"quform-element quform-element-select quform-element-3_15 quform-cf quform-element-optional\"><div class=\"quform-spacer\"><div class=\"quform-label quform-label-3_15\"><label class=\"quform-label-text\" for=\"quform_3_15_fe48b3\">Active Sales Operation Do You Have?<\/label><\/div><div class=\"quform-inner quform-inner-select quform-inner-3_15\"><div class=\"quform-input quform-input-select quform-input-3_15 quform-cf\"><select id=\"quform_3_15_fe48b3\" name=\"quform_3_15\" class=\"quform-field quform-field-select quform-field-3_15\"><option value=\"\" selected=\"selected\">Please select<\/option><option value=\"Evet\">Yes<\/option><option value=\"Hay\u0131r\">No<\/option><\/select><\/div><\/div><\/div><\/div><div class=\"quform-element quform-element-select quform-element-3_16 quform-cf quform-element-optional\"><div class=\"quform-spacer\"><div class=\"quform-label quform-label-3_16\"><label class=\"quform-label-text\" for=\"quform_3_16_fe48b3\">Previously Abroad Did You Send?<\/label><\/div><div class=\"quform-inner quform-inner-select quform-inner-3_16\"><div class=\"quform-input quform-input-select quform-input-3_16 quform-cf\"><select id=\"quform_3_16_fe48b3\" name=\"quform_3_16\" class=\"quform-field quform-field-select quform-field-3_16\"><option value=\"\" selected=\"selected\">Please select<\/option><option value=\"Evet\">Yes<\/option><option value=\"Hay\u0131r\">No<\/option><\/select><\/div><\/div><\/div><\/div><div class=\"quform-element quform-element-select quform-element-3_17 quform-cf quform-element-optional\"><div class=\"quform-spacer\"><div class=\"quform-label quform-label-3_17\"><label class=\"quform-label-text\" for=\"quform_3_17_fe48b3\">Do You Have Any Plans To Send Or To Send Abroad?<\/label><\/div><div class=\"quform-inner quform-inner-select quform-inner-3_17\"><div class=\"quform-input quform-input-select quform-input-3_17 quform-cf\"><select id=\"quform_3_17_fe48b3\" name=\"quform_3_17\" class=\"quform-field quform-field-select quform-field-3_17\"><option value=\"\" selected=\"selected\">Please select<\/option><option value=\"Evet\">Yes<\/option><option value=\"Hay\u0131r\">No<\/option><\/select><\/div><\/div><\/div><\/div><div class=\"quform-element quform-element-textarea quform-element-3_19 quform-cf quform-element-optional\"><div class=\"quform-spacer\"><div class=\"quform-label quform-label-3_19\"><label class=\"quform-label-text\" for=\"quform_3_19_fe48b3\">Your Message<\/label><\/div><div class=\"quform-inner quform-inner-textarea quform-inner-3_19\"><p class=\"quform-description quform-description-above\">If you wish to specify the details you want, you can write related to delivery of your baggage here.<\/p><div class=\"quform-input quform-input-textarea quform-input-3_19 quform-cf\"><textarea id=\"quform_3_19_fe48b3\" name=\"quform_3_19\" class=\"quform-field quform-field-textarea quform-field-3_19\"><\/textarea><\/div><\/div><\/div><\/div><div class=\"quform-element quform-element-captcha quform-element-3_24 quform-cf quform-element-required\"><div class=\"quform-spacer\"><div class=\"quform-label quform-label-3_24\"><label class=\"quform-label-text\" for=\"quform_3_24_fe48b3\">Please write the characters<span class=\"quform-required\">*<\/span><\/label><\/div><div class=\"quform-inner quform-inner-captcha quform-inner-3_24\"><div class=\"quform-input quform-input-captcha quform-input-3_24 quform-cf\"><input type=\"text\" id=\"quform_3_24_fe48b3\" name=\"quform_3_24\" class=\"quform-field quform-field-captcha quform-field-3_24\" \/><\/div><div class=\"quform-captcha quform-cf\"><div class=\"quform-captcha-image quform-captcha-image-3_24\"><img loading=\"lazy\" decoding=\"async\" class=\"quform-captcha-image-img\" src=\"data:image\/png;base64,iVBORw0KGgoAAAANSUhEUgAAAOYAAABQBAMAAAD\/1xTgAAAAG1BMVEX\/\/\/8iIiLj4+OsrKyQkJB0dHRZWVk9PT3Hx8c+ni34AAAACXBIWXMAAA7EAAAOxAGVKw4bAAAD3klEQVRoge1XzVPTQBQPSZvm6APa9JiCzvRISgsciYJwNHwfG6yDRyIz1WPiKMOf7dvPbOgmDVo9OPu7WLNv32\/f128XyzIwMDAwMDAwMPif8O776nzt3TQycwF6F6PVUNoAH4MGdjkQ+LODFXB6xNV0uV0MHL3gz0kT9NNfbpYKTrhv7tseB9rvXtKEE0vQH07uCOd6c84OfNEvOACvlu52WHzeuFFSBHLYrHQ3Xbq7DfCB\/oibcdrj8zrOlnBXBxyVHfojbJLb7fdY\/ozsqsitdKdgeBCUP6wBsC95A86I9tohRht\/DbQWHeGuwCNuKUtFDr74sYRz78Zj\/Z1ZTqoJh2IAYA231C9s02356L0GnN74Le49ILu7I5qcirKF4OO49JQDYeRzVhCJBDbtp6eANNNhBaH94xqpsFLr6TyhbelCUtGeLPvgF75yLL0XlwLCdWI0y6wqOFQ1ehhb18Y4aHxBp2IMEyFq8ktIquBAt7DxpPJVknbo+iZWCtsj4jltV0wWMZ0naupzWvnUL2xaUvm6Gg8F50WW046NeAUc2NDZkhDOaKv2i+3fCCcURm2S\/E9XaWVTEPd3JFUhVeSY96unPyPKED1LWiw7ZFJaSrJJnN3AIkWuUha2LUPOGP0lYkbA11m2ufSFcrlFwvFBTYudPAi3pXYuI0VPIRyjo0RYJQuzT9Dhc4uF4P7FtaVm0eb\/hnVCGWJ5Ihihw1RQRVpREKo2EJw4YbPd67IQvZmfycXqS8jFciAJDqWUtlx7RKFqirpt0AMqxnh78kWn7i4jBcXuyaEvzo8R6a54oWqh6JmYspW6nMzBjmDXdj8DRhhD1sFmEL3haqUy5p0YiY7k9U+UjmNDt5wTU4S7SaOJzXpRSPnXRDjjraZWP5JxerXvBJdId0beTmLOHN1s2eKBIx86MeMMFTGP5MFbte8hKpFE+eSs2+qUK2b3nJtXm5NFCmco78FO\/bsvoZwDpQCpRhQcPnCOHLwOzR5OaSaNBpIzqn\/IkMKXX1gJPLfZHomXSVt0CYn8kM2aREtIngOLjwoVLqvkzxn7766G0wYQTtxC1DCT5+O01CuYs4eAvG9qLhZ+XmWbC9PFejqUk\/69sibH2PKY+KmiRe+ViyNSroqXHMe+r2zL4X5\/YbS4tPasLSxZcSAq8p9LlqG4P\/2glrOEwXPVpnjNHgmn5NJWBsmeXJ4+O13MOW+t5nBBf\/VtX+HCI30BZHX77RNK+bnOZgEn\/izQLnjHszaLYVrrYDi+PKo91stgX1POGiX9GxhO0hf9xbUa2JN0+q85DQwMDAwMDAwMfg+\/AFR8mAg6SRbaAAAAAElFTkSuQmCC\" alt=\"CAPTCHA image\" data-element-id=\"24\" width=\"115\" height=\"40\" \/><\/div><\/div><p class=\"quform-description quform-description-below\">This helps avoid spam, thanks.<\/p><\/div><\/div><\/div><div class=\"quform-element quform-element-submit quform-element-3_2 quform-cf quform-button-style-theme\"><div class=\"quform-button-submit quform-button-submit-default quform-button-submit-3_2\" data-animation=\"one\"><button name=\"quform_submit\" type=\"submit\" class=\"quform-submit\" value=\"submit\"><span class=\"quform-button-text quform-button-submit-text\">Submit Form<\/span><\/button><\/div><div class=\"quform-loading quform-loading-position-left quform-loading-type-spinner-1\"><div class=\"quform-loading-inner\"><div class=\"quform-loading-spinner\"><div class=\"quform-loading-spinner-inner\"><\/div><\/div><\/div><\/div><\/div><div class=\"quform-element-tree\"><label for=\"quform_3_0_fe48b3\">This field should be left blank<\/label><input type=\"text\" id=\"quform_3_0_fe48b3\" name=\"quform_3_0\" class=\"quform-field quform-field-tree quform-field-3_0\" tabindex=\"-1\" autocomplete=\"off\" \/><\/div><\/div><\/div><\/div><\/div><input type=\"hidden\" name=\"trp-form-language\" value=\"en\"\/><\/form><\/div>\n\n\t\t<\/div>\n\t<\/div>\n<\/div><\/div><\/div>\n<\/section>","protected":false},"excerpt":{"rendered":"Yurt d\u0131\u015f\u0131 g\u00f6nderileriniz i\u00e7in en avantajl\u0131 fiyatlara ve en kaliteli hizmete ula\u015f\u0131n! G\u00f6nderilerinizi teslim al\u0131yor, y\u00fcksek standartlara sahip depolarm\u0131zda sakl\u0131yor ve istedi\u011finiz yere kargoluyoruz. Lojistik operasyonlar hi\u00e7 bu kadar kolay olmam\u0131\u015ft\u0131! Ad\u0131n\u0131z*Soyad\u0131n\u0131z*Telefon Numaran\u0131z*E-posta Adresiniz*Bulundu\u011funuz \u015eehir*Aktif Bir Sat\u0131\u015f Operasyonunuz Var M\u0131?Please selectEvetHay\u0131rDaha \u00d6nce Yurt D\u0131\u015f\u0131na G\u00f6nderim Yapt\u0131n\u0131z M\u0131?Please selectEvetHay\u0131rYurt D\u0131\u015f\u0131na G\u00f6nderiniz Ya Da G\u00f6nderim Plan\u0131n\u0131z Var [...]","protected":false},"author":1,"featured_media":0,"parent":0,"menu_order":0,"comment_status":"closed","ping_status":"closed","template":"","meta":{"footnotes":""},"class_list":["post-3079","page","type-page","status-publish","hentry"],"_links":{"self":[{"href":"https:\/\/www.koseoglugida.com\/en\/wp-json\/wp\/v2\/pages\/3079","targetHints":{"allow":["GET"]}}],"collection":[{"href":"https:\/\/www.koseoglugida.com\/en\/wp-json\/wp\/v2\/pages"}],"about":[{"href":"https:\/\/www.koseoglugida.com\/en\/wp-json\/wp\/v2\/types\/page"}],"author":[{"embeddable":true,"href":"https:\/\/www.koseoglugida.com\/en\/wp-json\/wp\/v2\/users\/1"}],"replies":[{"embeddable":true,"href":"https:\/\/www.koseoglugida.com\/en\/wp-json\/wp\/v2\/comments?post=3079"}],"version-history":[{"count":0,"href":"https:\/\/www.koseoglugida.com\/en\/wp-json\/wp\/v2\/pages\/3079\/revisions"}],"wp:attachment":[{"href":"https:\/\/www.koseoglugida.com\/en\/wp-json\/wp\/v2\/media?parent=3079"}],"curies":[{"name":"wp","href":"https:\/\/api.w.org\/{rel}","templated":true}]}}